{"id":930,"date":"2023-11-15T11:02:30","date_gmt":"2023-11-15T11:02:30","guid":{"rendered":"https:\/\/thp-sonja-fuchs.de\/?page_id=930"},"modified":"2023-11-16T11:52:20","modified_gmt":"2023-11-16T11:52:20","slug":"verhalten","status":"publish","type":"page","link":"https:\/\/thp-sonja-fuchs.de\/?page_id=930","title":{"rendered":"Verhalten"},"content":{"rendered":"\n<figure class=\"wp-block-image aligncenter size-large is-style-default\"><img loading=\"lazy\" decoding=\"async\" width=\"1020\" height=\"1024\" src=\"https:\/\/thp-sonja-fuchs.de\/wp-content\/uploads\/2023\/11\/Screenshot_20231116_112926_com.android.chrome_edit_155277939442971-1020x1024.jpg\" alt=\"\" class=\"wp-image-1005\" style=\"aspect-ratio:4\/3;object-fit:cover\" srcset=\"https:\/\/thp-sonja-fuchs.de\/wp-content\/uploads\/2023\/11\/Screenshot_20231116_112926_com.android.chrome_edit_155277939442971-1020x1024.jpg 1020w, https:\/\/thp-sonja-fuchs.de\/wp-content\/uploads\/2023\/11\/Screenshot_20231116_112926_com.android.chrome_edit_155277939442971-300x300.jpg 300w, https:\/\/thp-sonja-fuchs.de\/wp-content\/uploads\/2023\/11\/Screenshot_20231116_112926_com.android.chrome_edit_155277939442971-150x150.jpg 150w, https:\/\/thp-sonja-fuchs.de\/wp-content\/uploads\/2023\/11\/Screenshot_20231116_112926_com.android.chrome_edit_155277939442971-768x771.jpg 768w, https:\/\/thp-sonja-fuchs.de\/wp-content\/uploads\/2023\/11\/Screenshot_20231116_112926_com.android.chrome_edit_155277939442971-48x48.jpg 48w, https:\/\/thp-sonja-fuchs.de\/wp-content\/uploads\/2023\/11\/Screenshot_20231116_112926_com.android.chrome_edit_155277939442971.jpg 1080w\" sizes=\"auto, (max-width: 1020px) 100vw, 1020px\" \/><\/figure>\n\n\n\n<p class=\"has-medium-font-size\">Es scheint immer mehr Tiere mit Verhaltensauff\u00e4lligkeiten zu geben. Ganz gleich ob es unerkl\u00e4rliche \u00c4ngste, Aggressionen, Unsicherheiten, depressives Verhalten oder Hyperaktivit\u00e4t ist. H\u00e4ufig waren die Besitzer schon in einer oder mehreren Hundeschulen oder auch bei privaten Trainern aber nichts scheint wirklich zu helfen. <\/p>\n\n\n\n<p class=\"has-medium-font-size\">Oft steckt hinter diesen Problemen eine Erkrankung, die es dem Hund (Tier)-Mensch-Team nicht erm\u00f6glicht, allein mit Training den gew\u00fcnschten Erfolg zu erzielen. <\/p>\n\n\n\n<p>Nur ein paar Beispiele: <\/p>\n\n\n\n<p class=\"has-medium-font-size\"><strong>Schmerzen:<\/strong> Tiere verbergen in der Regel schmerzen so lange es geht. Nichts desto trotz sind diese da und lassen das Nervenkost\u00fcm d\u00fcnner werden. Wir Menschen kennen dies auch, hat man starke Kopfschmerzen ist man leichter reizbar und &#8222;f\u00e4hrt schneller aus der Haut&#8220;. So kann es unseren Vierbeinern auch gehen. Unerkannte Schmerzen k\u00f6nnen zu \u00c4ngstlichkeit, aber auch zu Abwehrverhalten bis hin zu &#8222;Aggression&#8220; f\u00fchren. <\/p>\n\n\n\n<p class=\"has-medium-font-size\"><strong>Hormonsystem: <\/strong>Das Hormonsystem ist ein sehr wichtiges Regelsystem des K\u00f6rpers. Leider kann dieses auch viele Krankheiten erleiden. Beispielsweise Schilddr\u00fcsenprobleme, Tumore oder Funktionsst\u00f6rungen der Nebennieren oder gar des Regelsystems im Gehirn k\u00f6nnen zu unterschiedlichen Verhaltensauff\u00e4lligkeiten f\u00fchren. Hunde k\u00f6nnen dann sehr gestresst, hyperaktiv, ruhelos aber auch antriebslos erscheinen. <\/p>\n\n\n\n<p class=\"has-medium-font-size\"><strong>Psyche:<\/strong> h\u00e4ufig wird \u00fcberhaupt nicht daran gedacht, dass auch Tiere unter Psychischen Erkrankungen leiden k\u00f6nnen. Dabei k\u00f6nnen auch Sie trauern, schlimme Erlebnisse nicht verarbeitet haben und unter Depressionen leiden. Mir ist es m\u00f6glich, eine psychische Analyse anhand einer Fellprobe durchzuf\u00fchren und somit das Tier mit den geeigneten Mitteln zu unterst\u00fctzen. Gerade Tiere aus T\u00f6tungsstationen oder dem Tierschutz allgemein haben h\u00e4ufig eine schwere Vergangenheit hinter sich, die sie noch nicht aufarbeiten konnten und schwere Narben auf ihrer Seele hinterlassen haben. Aber auch im intakten Familienverbund kann es durch den Tod von Bezugspersonen oder anderen Haustieren oder durch traumatische Ereignisse wie einen Unfall oder ein lautes Knallen zu psychischen Belastungen kommen. <\/p>\n\n\n\n<p class=\"has-medium-font-size\"><strong>Futter:<\/strong> Es gibt einige Inhaltsstoffe in Futtermitteln, die die Passage an der Sch\u00e4del-Hirn-Schranke f\u00fcr einige Aminos\u00e4uren blockieren. Diese sind allerdings wichtig, damit das Gehirn stressabbauende Hormone erzeugen kann und sich das Tier nach Stress\/Aufregung auch wieder beruhigen kann. Weiter gibt es auch Inhaltsstoffe, die Grundlegend eher entz\u00fcndungsneigend sind. Auch solche bedeuten f\u00fcr den K\u00f6rper Stress. Die F\u00fctterung kann gro\u00dfen Einfluss auf die Gem\u00fctslage des Tieres haben- im positiven wie auch im negativen Sinne.<\/p>\n\n\n\n<p class=\"has-medium-font-size\"><strong>Allergien:<\/strong> Allergien und der damit meist st\u00e4ndig verbundene Juckreiz nehmen starken Einfluss auf das Verhalten. Tiere die unter Allergien leiden, k\u00f6nnen sich nur schwer auf ein Training konzentrieren. Erfolge bleiben daher oftmals aus.<\/p>\n\n\n\n<p class=\"has-medium-font-size\"><strong>weitere Erkrankungen:<\/strong> Auch weitere Erkrankungen wie z.B. im Magen-Darm-Trakt wirken sich direkt auf die psychische Verfassung des Tieres aus. Wir kennen das selbst auch, geht es einem schlecht, hat man Angst, wird einem flau im Magen. Nicht selten stehen psychische Erkrankungen auch im Zusammenhang mit dem Essverhalten (Magersucht\/Adipositas). Aber Psyche und Magen-Darm bedingen sich gegenseitig. Ist das   Darmmilieu gest\u00f6rt, kann das zu psychischen Verhaltens\u00e4nderungen f\u00fchren. <\/p>\n\n\n\n<p class=\"has-medium-font-size\">Ich f\u00fchre gerne genaue Analysen durch, ob die Verhaltensauff\u00e4lligkeiten aufgrund einer Erkrankung vorliegen &#8211; ist dies der Fall unterst\u00fctze ich nat\u00fcrlich gerne dabei, diese ganzheitlich zu beheben. In vielen F\u00e4llen aus der Vergangenheit hat sich damit die Problematik so aufgel\u00f6st, dass kein weiteres Training mehr notwendig war. Trotz allem m\u00f6chte ich hier noch einmal betonen, dass ich kein Hundetrainer bin sondern hier nur im Bereich der Gesundheit und Ern\u00e4hrung unterst\u00fctzen kann. Aus meiner Sicht ist es immer gut &#8211; im Sinne der Ganzheitlichkeit &#8211; die Probleme die das Tier zeigt zus\u00e4tzlich mit einem Trainer anzugehen. <\/p>\n","protected":false},"excerpt":{"rendered":"<p>Es scheint immer mehr Tiere mit Verhaltensauff\u00e4lligkeiten zu geben. Ganz gleich ob es unerkl\u00e4rliche \u00c4ngste, Aggressionen, Unsicherheiten, depressives Verhalten oder Hyperaktivit\u00e4t ist. H\u00e4ufig waren die Besitzer schon in einer oder &hellip;<\/p>\n<p class=\"read-more\"> <a class=\" thunk-readmore button \" href=\"https:\/\/thp-sonja-fuchs.de\/?page_id=930\"> <span class=\"screen-reader-text\">Verhalten<\/span>Read More<\/a><\/p>\n","protected":false},"author":1,"featured_media":0,"parent":0,"menu_order":0,"comment_status":"closed","ping_status":"closed","template":"","meta":{"footnotes":""},"class_list":["post-930","page","type-page","status-publish","hentry"],"_links":{"self":[{"href":"https:\/\/thp-sonja-fuchs.de\/index.php?rest_route=\/wp\/v2\/pages\/930","targetHints":{"allow":["GET"]}}],"collection":[{"href":"https:\/\/thp-sonja-fuchs.de\/index.php?rest_route=\/wp\/v2\/pages"}],"about":[{"href":"https:\/\/thp-sonja-fuchs.de\/index.php?rest_route=\/wp\/v2\/types\/page"}],"author":[{"embeddable":true,"href":"https:\/\/thp-sonja-fuchs.de\/index.php?rest_route=\/wp\/v2\/users\/1"}],"replies":[{"embeddable":true,"href":"https:\/\/thp-sonja-fuchs.de\/index.php?rest_route=%2Fwp%2Fv2%2Fcomments&post=930"}],"version-history":[{"count":3,"href":"https:\/\/thp-sonja-fuchs.de\/index.php?rest_route=\/wp\/v2\/pages\/930\/revisions"}],"predecessor-version":[{"id":1032,"href":"https:\/\/thp-sonja-fuchs.de\/index.php?rest_route=\/wp\/v2\/pages\/930\/revisions\/1032"}],"wp:attachment":[{"href":"https:\/\/thp-sonja-fuchs.de\/index.php?rest_route=%2Fwp%2Fv2%2Fmedia&parent=930"}],"curies":[{"name":"wp","href":"https:\/\/api.w.org\/{rel}","templated":true}]}}