{"id":927,"date":"2023-11-15T11:02:30","date_gmt":"2023-11-15T11:02:30","guid":{"rendered":"https:\/\/thp-sonja-fuchs.de\/?page_id=927"},"modified":"2023-11-18T14:01:09","modified_gmt":"2023-11-18T14:01:09","slug":"hundemasseurin","status":"publish","type":"page","link":"https:\/\/thp-sonja-fuchs.de\/?page_id=927","title":{"rendered":"Hundemasseurin"},"content":{"rendered":"\n<figure class=\"wp-block-image size-large is-resized is-style-default\"><img loading=\"lazy\" decoding=\"async\" width=\"1024\" height=\"989\" src=\"https:\/\/thp-sonja-fuchs.de\/wp-content\/uploads\/2023\/11\/Screenshot_20231115_084918_com.facebook.katana-1024x989.jpg\" alt=\"\" class=\"wp-image-952\" style=\"aspect-ratio:1.7777777777777777;object-fit:cover;width:802px;height:auto\" srcset=\"https:\/\/thp-sonja-fuchs.de\/wp-content\/uploads\/2023\/11\/Screenshot_20231115_084918_com.facebook.katana-1024x989.jpg 1024w, https:\/\/thp-sonja-fuchs.de\/wp-content\/uploads\/2023\/11\/Screenshot_20231115_084918_com.facebook.katana-300x290.jpg 300w, https:\/\/thp-sonja-fuchs.de\/wp-content\/uploads\/2023\/11\/Screenshot_20231115_084918_com.facebook.katana-768x742.jpg 768w, https:\/\/thp-sonja-fuchs.de\/wp-content\/uploads\/2023\/11\/Screenshot_20231115_084918_com.facebook.katana-48x46.jpg 48w, https:\/\/thp-sonja-fuchs.de\/wp-content\/uploads\/2023\/11\/Screenshot_20231115_084918_com.facebook.katana.jpg 1080w\" sizes=\"auto, (max-width: 1024px) 100vw, 1024px\" \/><\/figure>\n\n\n\n<p style=\"font-size:30px\">Als Hundemasseurin kann ich Hunde in den verschiedensten Bereichen unterst\u00fctzen. <\/p>\n\n\n\n<p class=\"has-medium-font-size\"><strong>-&gt; Entspannung.<\/strong> Auch Hunde leiden oftmals unter einem stressigen Alltag. Egal ob sie nun immer mit unterwegs, in der Arbeit, der Stadt, dem Hundepark aber auch alleine zu Hause sind. All diese Situationen k\u00f6nnen f\u00fcr unsere Hunde Stress ausl\u00f6sen der zu innerlichen Anspannungen f\u00fchrt. Wir Menschen g\u00f6nnen uns hin und wieder einen Wellnesstag in der Therme oder eine wohltuende, entspannende Massage. Auch unsere Vierbeiner lieben es, einmal verw\u00f6hnt zu werden und entspannen gerne bei einer angenehmen Massage. <\/p>\n\n\n\n<p class=\"has-medium-font-size\"><strong>-&gt; Sporthunde.<\/strong> Hundesport wird immer beliebter und macht Mensch und auch Hund gl\u00fccklich. Egal ob es nun am Fahrrad, beim Joggen, oder \u00fcber Hindernisse geht, der ganze Bewegungsapparat wird vermehrt beansprucht und neigt auch gerne mal zu Verspannungen bei versehentlich falschen Belastungen. Hier kann die Massage das Gewebe lockern, die Durchblutung anregen und somit die Erholungsphasen verringern und der Muskulatur so zu einer besseren Versorgung von N\u00e4hrstoffen verhelfen. <\/p>\n\n\n\n<p class=\"has-medium-font-size\">&#8211;<strong>&gt; Schmerzen.<\/strong> Durch Erkrankungen des Bewegungsapparates wie z.B. Spondylose, Arthrose, HD etc. versuchen unsere Hunde die betroffene Stelle zu entlasten. Dadurch kann es zu Fehl- und \u00dcberbelastungen in anderen Bereichen kommen. Diese f\u00fchren h\u00e4ufig zu Verklebungen der Faszien und Verspannungen die zus\u00e4tzlich Scherzen ausl\u00f6sen. Durch eine Massage kann dies wieder gelockert werden und somit deutlich zur Schmerzlinderung beitragen sowie weiteren Fehlbelastungen mit deren Folgen vorbeugen.<\/p>\n\n\n\n<p class=\"has-medium-font-size\"><strong>-> Operationen und Verletzungen.<\/strong> Auch hier kommt es h\u00e4ufig zu Schonverhalten und Fehlbelastungen, siehe bei Schmerzen. <\/p>\n\n\n\n<figure class=\"wp-block-image size-large is-style-default\"><img loading=\"lazy\" decoding=\"async\" width=\"1024\" height=\"966\" src=\"https:\/\/thp-sonja-fuchs.de\/wp-content\/uploads\/2023\/11\/Screenshot_20231117_175532_com.android.chrome_edit_196742978164768-1024x966.jpg\" alt=\"\" class=\"wp-image-1057\" srcset=\"https:\/\/thp-sonja-fuchs.de\/wp-content\/uploads\/2023\/11\/Screenshot_20231117_175532_com.android.chrome_edit_196742978164768-1024x966.jpg 1024w, https:\/\/thp-sonja-fuchs.de\/wp-content\/uploads\/2023\/11\/Screenshot_20231117_175532_com.android.chrome_edit_196742978164768-300x283.jpg 300w, https:\/\/thp-sonja-fuchs.de\/wp-content\/uploads\/2023\/11\/Screenshot_20231117_175532_com.android.chrome_edit_196742978164768-768x725.jpg 768w, https:\/\/thp-sonja-fuchs.de\/wp-content\/uploads\/2023\/11\/Screenshot_20231117_175532_com.android.chrome_edit_196742978164768-48x45.jpg 48w, https:\/\/thp-sonja-fuchs.de\/wp-content\/uploads\/2023\/11\/Screenshot_20231117_175532_com.android.chrome_edit_196742978164768.jpg 1080w\" sizes=\"auto, (max-width: 1024px) 100vw, 1024px\" \/><\/figure>\n","protected":false},"excerpt":{"rendered":"<p>Als Hundemasseurin kann ich Hunde in den verschiedensten Bereichen unterst\u00fctzen. -&gt; Entspannung. Auch Hunde leiden oftmals unter einem stressigen Alltag. Egal ob sie nun immer mit unterwegs, in der Arbeit, &hellip;<\/p>\n<p class=\"read-more\"> <a class=\" thunk-readmore button \" href=\"https:\/\/thp-sonja-fuchs.de\/?page_id=927\"> <span class=\"screen-reader-text\">Hundemasseurin<\/span>Read More<\/a><\/p>\n","protected":false},"author":1,"featured_media":0,"parent":0,"menu_order":0,"comment_status":"closed","ping_status":"closed","template":"","meta":{"footnotes":""},"class_list":["post-927","page","type-page","status-publish","hentry"],"_links":{"self":[{"href":"https:\/\/thp-sonja-fuchs.de\/index.php?rest_route=\/wp\/v2\/pages\/927","targetHints":{"allow":["GET"]}}],"collection":[{"href":"https:\/\/thp-sonja-fuchs.de\/index.php?rest_route=\/wp\/v2\/pages"}],"about":[{"href":"https:\/\/thp-sonja-fuchs.de\/index.php?rest_route=\/wp\/v2\/types\/page"}],"author":[{"embeddable":true,"href":"https:\/\/thp-sonja-fuchs.de\/index.php?rest_route=\/wp\/v2\/users\/1"}],"replies":[{"embeddable":true,"href":"https:\/\/thp-sonja-fuchs.de\/index.php?rest_route=%2Fwp%2Fv2%2Fcomments&post=927"}],"version-history":[{"count":7,"href":"https:\/\/thp-sonja-fuchs.de\/index.php?rest_route=\/wp\/v2\/pages\/927\/revisions"}],"predecessor-version":[{"id":1058,"href":"https:\/\/thp-sonja-fuchs.de\/index.php?rest_route=\/wp\/v2\/pages\/927\/revisions\/1058"}],"wp:attachment":[{"href":"https:\/\/thp-sonja-fuchs.de\/index.php?rest_route=%2Fwp%2Fv2%2Fmedia&parent=927"}],"curies":[{"name":"wp","href":"https:\/\/api.w.org\/{rel}","templated":true}]}}