{"id":523,"date":"2022-01-24T11:36:41","date_gmt":"2022-01-24T11:36:41","guid":{"rendered":"https:\/\/thp-sonja-fuchs.de\/?page_id=523"},"modified":"2023-11-18T13:56:28","modified_gmt":"2023-11-18T13:56:28","slug":"zahnreinigung","status":"publish","type":"page","link":"https:\/\/thp-sonja-fuchs.de\/?page_id=523","title":{"rendered":"Tierdentalhygiene"},"content":{"rendered":"\n<figure class=\"wp-block-image aligncenter size-large is-style-default\"><img loading=\"lazy\" decoding=\"async\" width=\"1024\" height=\"1003\" src=\"https:\/\/thp-sonja-fuchs.de\/wp-content\/uploads\/2023\/11\/Screenshot_20231117_195550_com.android.chrome_edit_200534775474606-1024x1003.jpg\" alt=\"\" class=\"wp-image-1051\" srcset=\"https:\/\/thp-sonja-fuchs.de\/wp-content\/uploads\/2023\/11\/Screenshot_20231117_195550_com.android.chrome_edit_200534775474606-1024x1003.jpg 1024w, https:\/\/thp-sonja-fuchs.de\/wp-content\/uploads\/2023\/11\/Screenshot_20231117_195550_com.android.chrome_edit_200534775474606-300x294.jpg 300w, https:\/\/thp-sonja-fuchs.de\/wp-content\/uploads\/2023\/11\/Screenshot_20231117_195550_com.android.chrome_edit_200534775474606-768x752.jpg 768w, https:\/\/thp-sonja-fuchs.de\/wp-content\/uploads\/2023\/11\/Screenshot_20231117_195550_com.android.chrome_edit_200534775474606-48x47.jpg 48w, https:\/\/thp-sonja-fuchs.de\/wp-content\/uploads\/2023\/11\/Screenshot_20231117_195550_com.android.chrome_edit_200534775474606.jpg 1080w\" sizes=\"auto, (max-width: 1024px) 100vw, 1024px\" \/><\/figure>\n\n\n\n<p class=\"has-medium-font-size\">Zahnstein bei Hunden kennen viele Besitzer. Sch\u00e4tzungen zufolge leiden sogar 80 % der Hunde an Zahnstein. Leider wird dies h\u00e4ufig zu sp\u00e4t erkannt und behandelt. <\/p>\n\n\n\n<p class=\"has-medium-font-size\">Dabei ist bekannt, dass Zahnstein Urs\u00e4chlich f\u00fcr Zahnfleischentz\u00fcndungen und Zahnausfall sein kann. Weiter kann er auch schwerwiegende Erkrankungen des Herzens, der Leber und der Nieren verursachen. <\/p>\n\n\n\n<p class=\"has-medium-font-size\">Oft m\u00fcssen Tierbesitzer dann zu drastischen Ma\u00dfnahmen greifen und dem Hund unter Narkose den Zahnstein (und schlimmstenfalls auch stark betroffenen Z\u00e4hne) entfernen lassen. Doch jede Narkose birgt auch Risiken, besonders f\u00fcr alte oder kranke Hunde. <\/p>\n\n\n\n<p class=\"has-medium-font-size\"><strong>Ich biete nun auch Zahnreinigung f\u00fcr Hunde an. Ganz ohne Narkose oder Bet\u00e4ubungsmittel!<\/strong><\/p>\n\n\n\n<p class=\"has-medium-font-size\">Mittels einer speziell f\u00fcr Tiere entwickelter Ultraschallzahnb\u00fcrste &#8211; v\u00f6llig ohne Ger\u00e4usche, sp\u00fcrbaren Vibrationen und ohne Schrubben! Diese einzigartige Technologie erm\u00f6glicht es auch Bakterien abzut\u00f6ten wo Borsten nicht hin kommen.<\/p>\n\n\n\n<p class=\"has-medium-font-size\">Behandelt werden kann prophylaktisch aber auch bei schon bestehenden Zahnstein und\/oder Zahnfleischentz\u00fcndungen.  <\/p>\n\n\n\n<p class=\"has-medium-font-size\">Auf alle F\u00e4lle sollte behandelt werden bei:<\/p>\n\n\n\n<p class=\"has-medium-font-size\"><strong>-&gt; Zahnbelag<\/strong><\/p>\n\n\n\n<p class=\"has-medium-font-size\"><strong>-&gt; Maulgeruch<\/strong><\/p>\n\n\n\n<p class=\"has-medium-font-size\"><strong>-&gt; Zahnfleischentz\u00fcndungen <\/strong><\/p>\n\n\n\n<p class=\"has-medium-font-size\"><strong>-&gt; Starken Zahnstein<\/strong><\/p>\n\n\n\n<div class=\"wp-block-media-text is-stacked-on-mobile has-background\" style=\"background-color:#ffffff00;grid-template-columns:31% auto\"><figure class=\"wp-block-media-text__media\"><img loading=\"lazy\" decoding=\"async\" width=\"768\" height=\"1024\" src=\"https:\/\/thp-sonja-fuchs.de\/wp-content\/uploads\/2022\/02\/Zahnreinigung-1-768x1024.jpg\" alt=\"\" class=\"wp-image-564 size-full\" srcset=\"https:\/\/thp-sonja-fuchs.de\/wp-content\/uploads\/2022\/02\/Zahnreinigung-1-768x1024.jpg 768w, https:\/\/thp-sonja-fuchs.de\/wp-content\/uploads\/2022\/02\/Zahnreinigung-1-225x300.jpg 225w, https:\/\/thp-sonja-fuchs.de\/wp-content\/uploads\/2022\/02\/Zahnreinigung-1-1152x1536.jpg 1152w, https:\/\/thp-sonja-fuchs.de\/wp-content\/uploads\/2022\/02\/Zahnreinigung-1.jpg 1440w\" sizes=\"auto, (max-width: 768px) 100vw, 768px\" \/><\/figure><div class=\"wp-block-media-text__content\">\n<p class=\"has-large-font-size\"> Zahnsteinentfernung ohne Narkose oder Bet\u00e4ubung <\/p>\n<\/div><\/div>\n\n\n\n<p><\/p>\n\n\n\n<p class=\"has-medium-font-size\">Die H\u00e4ufigkeit und Dauer der Behandlungen h\u00e4ngen vom jeweiligen Patienten ab und sind somit sehr individuell. <\/p>\n\n\n\n<p class=\"has-medium-font-size\">Hunde benutzen Ihr Gebiss nicht nur zur Nahrungsaufnahme, sondern auch als &#8222;H\u00e4nde&#8220; zum greifen, spielen und zur Fellpflege. <\/p>\n\n\n\n<p class=\"has-medium-font-size\">Daher geh\u00f6rt die Dentalhygiene unbedingt zu einem gesunden Hundeleben bis ins hohe Alter dazu. <span data-mce-type=\"bookmark\" id=\"mce_1_start\" data-mce-style=\"overflow:hidden;line-height:0px\" style=\"overflow:hidden;line-height:0px\"><\/span><\/p>\n","protected":false},"excerpt":{"rendered":"<p>Zahnstein bei Hunden kennen viele Besitzer. Sch\u00e4tzungen zufolge leiden sogar 80 % der Hunde an Zahnstein. Leider wird dies h\u00e4ufig zu sp\u00e4t erkannt und behandelt. Dabei ist bekannt, dass Zahnstein &hellip;<\/p>\n<p class=\"read-more\"> <a class=\" thunk-readmore button \" href=\"https:\/\/thp-sonja-fuchs.de\/?page_id=523\"> <span class=\"screen-reader-text\">Tierdentalhygiene<\/span>Read More<\/a><\/p>\n","protected":false},"author":1,"featured_media":0,"parent":0,"menu_order":0,"comment_status":"closed","ping_status":"closed","template":"","meta":{"footnotes":""},"class_list":["post-523","page","type-page","status-publish","hentry"],"_links":{"self":[{"href":"https:\/\/thp-sonja-fuchs.de\/index.php?rest_route=\/wp\/v2\/pages\/523","targetHints":{"allow":["GET"]}}],"collection":[{"href":"https:\/\/thp-sonja-fuchs.de\/index.php?rest_route=\/wp\/v2\/pages"}],"about":[{"href":"https:\/\/thp-sonja-fuchs.de\/index.php?rest_route=\/wp\/v2\/types\/page"}],"author":[{"embeddable":true,"href":"https:\/\/thp-sonja-fuchs.de\/index.php?rest_route=\/wp\/v2\/users\/1"}],"replies":[{"embeddable":true,"href":"https:\/\/thp-sonja-fuchs.de\/index.php?rest_route=%2Fwp%2Fv2%2Fcomments&post=523"}],"version-history":[{"count":14,"href":"https:\/\/thp-sonja-fuchs.de\/index.php?rest_route=\/wp\/v2\/pages\/523\/revisions"}],"predecessor-version":[{"id":1052,"href":"https:\/\/thp-sonja-fuchs.de\/index.php?rest_route=\/wp\/v2\/pages\/523\/revisions\/1052"}],"wp:attachment":[{"href":"https:\/\/thp-sonja-fuchs.de\/index.php?rest_route=%2Fwp%2Fv2%2Fmedia&parent=523"}],"curies":[{"name":"wp","href":"https:\/\/api.w.org\/{rel}","templated":true}]}}