{"id":282,"date":"2021-06-14T11:00:00","date_gmt":"2021-06-14T11:00:00","guid":{"rendered":"https:\/\/thp-sonja-fuchs.de\/?page_id=282"},"modified":"2025-12-19T13:34:52","modified_gmt":"2025-12-19T13:34:52","slug":"informativ","status":"publish","type":"page","link":"https:\/\/thp-sonja-fuchs.de\/?page_id=282","title":{"rendered":"Informatives"},"content":{"rendered":"\n<figure class=\"wp-block-image size-large is-style-default\"><img loading=\"lazy\" decoding=\"async\" width=\"1024\" height=\"990\" src=\"https:\/\/thp-sonja-fuchs.de\/wp-content\/uploads\/2023\/11\/Screenshot_20231115_085725_com.facebook.katana-1-1024x990.jpg\" alt=\"\" class=\"wp-image-923\" srcset=\"https:\/\/thp-sonja-fuchs.de\/wp-content\/uploads\/2023\/11\/Screenshot_20231115_085725_com.facebook.katana-1-1024x990.jpg 1024w, https:\/\/thp-sonja-fuchs.de\/wp-content\/uploads\/2023\/11\/Screenshot_20231115_085725_com.facebook.katana-1-300x290.jpg 300w, https:\/\/thp-sonja-fuchs.de\/wp-content\/uploads\/2023\/11\/Screenshot_20231115_085725_com.facebook.katana-1-768x742.jpg 768w, https:\/\/thp-sonja-fuchs.de\/wp-content\/uploads\/2023\/11\/Screenshot_20231115_085725_com.facebook.katana-1-48x46.jpg 48w, https:\/\/thp-sonja-fuchs.de\/wp-content\/uploads\/2023\/11\/Screenshot_20231115_085725_com.facebook.katana-1.jpg 1080w\" sizes=\"auto, (max-width: 1024px) 100vw, 1024px\" \/><\/figure>\n\n\n\n<p><\/p>\n\n\n\n<p style=\"font-size:30px\"><strong>Was ist Naturheilkunde?<\/strong><\/p>\n\n\n\n<p class=\"has-medium-font-size\">Die Naturheilkunde ist eine alternative Behandlungsform zur Schulmedizin.<\/p>\n\n\n\n<p class=\"has-medium-font-size\">Sie setzt in der Behandlung auf nat\u00fcrliche Substanzen wie z.B. Kr\u00e4uter und Pilze aber auch die Akupunktur, Hom\u00f6opathie und viele weitere Formen geh\u00f6ren ihr an.<\/p>\n\n\n\n<p class=\"has-medium-font-size\">Sie gilt als besonders schonend und bek\u00f6mmlich.<\/p>\n\n\n\n<p class=\"has-medium-font-size\">Ziel ist immer eine ganzheitliche Therapie und keine reine Symptombek\u00e4mpfung wie es h\u00e4ufig in der Schulmedizin gehandhabt wird. Hierf\u00fcr ist eine genaue Untersuchung und Befundaufnahme von gr\u00f6\u00dfter Wichtigkeit. Das Tier wird auf allen Ebenen (Physisch und Psychisch) bestm\u00f6glich unterst\u00fctzt um langfristig zu seiner Gesundheit zur\u00fcck zu finden.<\/p>\n\n\n\n<p class=\"has-medium-font-size\">Die Wirkungsweise der Naturheilkunde ist sehr unterschiedlich, je nach Therapieform. Mehr Informationen zu den jeweiligen Behandlungsformen die ich anwende finden Sie im Men\u00fc \u201eTherapieformen\u201c.<\/p>\n\n\n\n<p class=\"has-medium-font-size\">Lassen Sie Sich ein, auf eine Reise zu mehr Gesundheit und Wohlbefinden \u2013 im Einklang mit der Natur.<\/p>\n\n\n\n<p style=\"font-size:30px\"><strong>Tierarzt oder Tierheilpraktiker?<\/strong><\/p>\n\n\n\n<p class=\"has-medium-font-size\"><strong>Worin unterscheiden sich die Therapieformen?<\/strong><\/p>\n\n\n\n<p class=\"has-medium-font-size\">Der gr\u00f6\u00dfte Unterschied zwischen Tierheilpraktiker und Tierarzt liegt in den Mitteln zur Behandlung. Als Tierheilpraktikerin bediene ich mich der in der Natur vorkommenden Heilmittel wie Heilpflanzen und Heilpilzen. Diese besitzen nicht nur einen isolierten Wirkstoff, sondern eine ganze Bandbreite an sekund\u00e4ren Pflanzenstoffen wodurch ihre Anwendung f\u00fcr den Organismus schonender, besser bek\u00f6mmlich und umfassender ist. Besonders in der traditionellen chinesischen Medizin wird seit Jahrtausenden auf das Wissen um die Wirkung der Naturheilkunde zur\u00fcckgegriffen \u2013 bis heute.<\/p>\n\n\n\n<p class=\"has-medium-font-size\"><strong>Welche Erkrankungen k\u00f6nnen naturheilkundlich behandelt werden?<\/strong><\/p>\n\n\n\n<p class=\"has-medium-font-size\">Die Liste der Erkrankungen die naturheilkundlich behandelt werden k\u00f6nnen ist sehr lang. Sie reicht von Erkrankungen der Haut, den inneren Organen, dem Bewegungsapparat bis zum Nervensystem; von Autoimmunerkrankungen, Verhaltensauff\u00e4lligkeiten, Allergien bis zu Krebs. Es kann nahezu alles alternativ behandelt oder unterst\u00fctzt werden, was keinen operativen Eingriff oder Bet\u00e4ubungsmittel erfordert. Ein gro\u00dfes Augenmerk habe ich auch auf die Gesundheitsprophylaxe gelegt.<\/p>\n\n\n\n<p class=\"has-medium-font-size\"><strong>Wann sollte ein Tierarzt aufgesucht werden?<\/strong><\/p>\n\n\n\n<p class=\"has-medium-font-size\">Ganz klar bei akuten Notf\u00e4llen die einen operativen Eingriff erfordern! Insbesondere nach einem schweren Unfall, bei Vergiftungen, bei Knochenbr\u00fcchen, Magendrehungen, Schock, eitriger Geb\u00e4rmutterentz\u00fcndung und \u00e4hnlichem sollte unverz\u00fcglich der Tierarzt aufgesucht werden. Auch f\u00fcr bildgebende Diagnoseverfahren wie R\u00f6ntgenbilder, CT, MRT, Ultraschall etc. ist der Tierarzt unumg\u00e4nglich. Im Zweifelsfall bitte lieber zuerst zum Notdienst da ich keine operativen Eingriffe vornehmen kann. Bei oben beschriebenen akuten Notsituationen z\u00e4hlt jede Minute! Eine anschlie\u00dfende naturheilkundliche Behandlung ist m\u00f6glich und ratsam.<\/p>\n\n\n\n<p class=\"has-medium-font-size\"><strong>Schlie\u00dft das Eine das Andere aus?<\/strong><\/p>\n\n\n\n<p class=\"has-medium-font-size\">Absolut nicht! Sowohl der Tierarzt als auch der Tierheilpraktiker haben ihre Vorteile und Kompetenzen. Eine Vielzahl von Erkrankungen k\u00f6nnen allein mit der Naturheilkunde behandelt werden. Bei den Krankheiten, die einen Tierarztbesuch unumg\u00e4nglich machen, kann die Naturheilkunde wunderbar als begleitende Therapie eingesetzt werden. Mir liegt ein freundliches Miteinander zwischen Tierarzt und Tierheilpraktiker, f\u00fcr das Wohl des Patienten, sehr am Herzen. Die Kombination aus beiden Berufsfeldern garantiert die bestm\u00f6gliche Behandlung f\u00fcr Ihr Tier.<\/p>\n\n\n\n<p class=\"has-medium-font-size\"><strong>Die Vorteile (m)einer naturheilkundlichen Behandlung:<\/strong><\/p>\n\n\n\n<p class=\"has-medium-font-size\">-&gt; ich nehme mir viel Zeit f\u00fcr eine gr\u00fcndliche Anamnese, Untersuchung und Beratung. Im Regelfall 1 Stunde f\u00fcr eine Erstaufnahme. Tier\u00e4rzte haben daf\u00fcr leider h\u00e4ufig nicht die Zeit. Besonders \u00e4ngstlichen Tieren kommt dies zu Gute und erspart viel Stress.<\/p>\n\n\n\n<p class=\"has-medium-font-size\">-&gt; ich behandle nicht (nur) die Symptome, sondern betreibe eine ausgiebige Ursachenforschung und Behandlung. Die Behandlung findet immer ganzheitlich statt; f\u00fcr ein rundum gesundes Tier.<\/p>\n\n\n\n<p class=\"has-medium-font-size\">-&gt; bei Tieren, die aus veterin\u00e4rmedizinischer Sicht nicht mehr therapierbar sind, hat die Naturheilkunde oft schon erstaunliches geleistet.<\/p>\n\n\n\n<p class=\"has-medium-font-size\">-&gt; nahezu keine unerw\u00fcnschten Nebenwirkungen. Naturheilkunde gilt als besonders schonend und gut vertr\u00e4glich. Besonders bei chronischen Erkrankungen und Allergien k\u00f6nnen in den meisten F\u00e4llen die Medikamente reduziert oder abgesetzt werden wenn alternativ behandelt wird. Das sch\u00fctzt die inneren Organe (besonders die Leber und Nieren) und st\u00e4rkt den ganzen Organismus.<\/p>\n\n\n\n<p class=\"has-medium-font-size\">-&gt; Beratung zur generellen St\u00e4rkung des Immunsystems um weiteren Erkrankungen vorzubeugen.<\/p>\n\n\n\n<p class=\"has-medium-font-size\">-&gt; Kosteng\u00fcnstige Festpreise. Keine finanzielle \u00dcberraschungen, Sie k\u00f6nnen immer im Vorfeld die Kosten erfragen. &#8211;<\/p>\n\n\n\n<p class=\"has-medium-font-size\">-&gt; Begleitung: meine Kunden sch\u00e4tzen die einfache Kontaktaufnahme \u00fcber WhatsApp f\u00fcr R\u00fcckfragen sehr. Ich bin meist auch au\u00dferhalb der \u00d6ffnungszeiten erreichbar.  <\/p>\n\n\n\n<p class=\"has-medium-font-size\">-> \u00c4ngstliche oder Verhaltensauff\u00e4llige Tiere m\u00fcssen sich keiner k\u00f6rperlichen Untersuchung unterziehen, F\u00fcr die Analyse ben\u00f6tige ich nur Fell, dass auch der Besitzer entnehmen kann. Ich \u00fcbe keinen Druck auf meine Patienten aus.<\/p>\n\n\n\n<p class=\"has-medium-font-size\">-&gt; Analysen und Behandlungen sind bei mir absolut Schmerzfrei f\u00fcr den Patienten. <\/p>\n\n\n\n<p class=\"has-medium-font-size\"><\/p>\n\n\n\n<p><\/p>\n","protected":false},"excerpt":{"rendered":"<p>Was ist Naturheilkunde? Die Naturheilkunde ist eine alternative Behandlungsform zur Schulmedizin. Sie setzt in der Behandlung auf nat\u00fcrliche Substanzen wie z.B. Kr\u00e4uter und Pilze aber auch die Akupunktur, Hom\u00f6opathie und &hellip;<\/p>\n<p class=\"read-more\"> <a class=\" thunk-readmore button \" href=\"https:\/\/thp-sonja-fuchs.de\/?page_id=282\"> <span class=\"screen-reader-text\">Informatives<\/span>Read More<\/a><\/p>\n","protected":false},"author":1,"featured_media":0,"parent":0,"menu_order":0,"comment_status":"closed","ping_status":"closed","template":"","meta":{"footnotes":""},"class_list":["post-282","page","type-page","status-publish","hentry"],"_links":{"self":[{"href":"https:\/\/thp-sonja-fuchs.de\/index.php?rest_route=\/wp\/v2\/pages\/282","targetHints":{"allow":["GET"]}}],"collection":[{"href":"https:\/\/thp-sonja-fuchs.de\/index.php?rest_route=\/wp\/v2\/pages"}],"about":[{"href":"https:\/\/thp-sonja-fuchs.de\/index.php?rest_route=\/wp\/v2\/types\/page"}],"author":[{"embeddable":true,"href":"https:\/\/thp-sonja-fuchs.de\/index.php?rest_route=\/wp\/v2\/users\/1"}],"replies":[{"embeddable":true,"href":"https:\/\/thp-sonja-fuchs.de\/index.php?rest_route=%2Fwp%2Fv2%2Fcomments&post=282"}],"version-history":[{"count":28,"href":"https:\/\/thp-sonja-fuchs.de\/index.php?rest_route=\/wp\/v2\/pages\/282\/revisions"}],"predecessor-version":[{"id":1466,"href":"https:\/\/thp-sonja-fuchs.de\/index.php?rest_route=\/wp\/v2\/pages\/282\/revisions\/1466"}],"wp:attachment":[{"href":"https:\/\/thp-sonja-fuchs.de\/index.php?rest_route=%2Fwp%2Fv2%2Fmedia&parent=282"}],"curies":[{"name":"wp","href":"https:\/\/api.w.org\/{rel}","templated":true}]}}