{"id":155,"date":"2021-06-14T07:56:00","date_gmt":"2021-06-14T07:56:00","guid":{"rendered":"https:\/\/thp-sonja-fuchs.de\/?page_id=155"},"modified":"2022-11-28T10:15:37","modified_gmt":"2022-11-28T10:15:37","slug":"horvi-enzym-therapie","status":"publish","type":"page","link":"https:\/\/thp-sonja-fuchs.de\/?page_id=155","title":{"rendered":"Horvi-Enzym-Therapie"},"content":{"rendered":"\n<p class=\"has-background has-medium-font-size\" style=\"background-color:#ffffff82\">Die Horvi-Enzym-Therapie arbeitet mit Naturkomplexen auf einem nat\u00fcrlichen Weg zur Wiederherstellung und Erhaltung von Gesundheit. <\/p>\n\n\n\n<p class=\"has-background has-medium-font-size\" style=\"background-color:#ffffff82\">Diese sind mit der Aufnahme und Verwertung durch den K\u00f6rper besonders gut vertr\u00e4glich. <\/p>\n\n\n\n<p class=\"has-background has-medium-font-size\" style=\"background-color:#ffffff82\">-&gt; aufgrund ausreichender Ent-Eiweisung tierischer Rohgifte von Schlangen, Spinnen, Skorpionen, Kr\u00f6ten und Salamandern<\/p>\n\n\n\n<p class=\"has-background has-medium-font-size\" style=\"background-color:#ffffff82\">-&gt; aufgrund der Depotwirkung im Organismus<\/p>\n\n\n\n<p class=\"has-background has-medium-font-size\" style=\"background-color:#ffffff82\">Der Genesungsprozess wird nat\u00fcrlich und effektiv in Gang gesetzt <\/p>\n\n\n\n<p class=\"has-background has-medium-font-size\" style=\"background-color:#ffffff82\">-&gt; wirkt gezielt reparierend und regulierend &#8211;  nach dem Naturprinzip des Lebens, das nach Ausgleich strebt. Entsprechend wirken die Enzyme nur, wo bzw. wenn ein Zell-Schaden vorliegt. Gesunde Zellen werden durch die Therapie nicht beeinflusst. <\/p>\n\n\n\n<p class=\"has-background has-medium-font-size\" style=\"background-color:#ffffff82\">-&gt; gew\u00e4hrleistet durch abgestimmte Therapieformen eine konstante Zuf\u00fchrung von Enzymen, wodurch der gest\u00f6rte Zustand in den Zellen behoben werden soll. <\/p>\n\n\n\n<p class=\"has-background has-medium-font-size\" style=\"background-color:#ffffff82\">-&gt; eine \u00dcberdosierung ist ausgeschlossen.<\/p>\n\n\n\n<p class=\"has-background has-medium-font-size\" style=\"background-color:#ffffff82\">-&gt; Nebenwirkungsfrei selbst bei Langzeittherapien.<\/p>\n\n\n\n<p class=\"has-background has-medium-font-size\" style=\"background-color:#ffffff82\">Die unterschiedlichen Tiergifte haben verschiedene Angriffstellen am Organismus. Sie k\u00f6nnen unter anderen am Herzen, im Blut und im Nervensystem aktiv werden. Durch das spezielle Herstellungsverfahren wirken die Horvi-Enzym-Pr\u00e4parate bei der Gabe nicht mehr toxisch, sondern therapeutisch. <\/p>\n\n\n\n<p class=\"has-background has-medium-font-size\" style=\"background-color:#ffffff82\">Die Horvi-Enzym-Therapie eignet sich ebenso zur Behandlung von Krankheiten als auch zur Prophylaxe, um Gesundheit vorausschauend zu erhalten. <\/p>\n\n\n\n<p class=\"has-background has-small-font-size\" style=\"background-color:#ffffff82\">(Ausz\u00fcge aus dem Buch &#8222;Ganzheitlich behandeln mir der Horvi-Enzym-Therapie&#8220; Rezeptierbuch 8.Auflage von Horvi-EnzyMed; Bodee-Verlag)<\/p>\n","protected":false},"excerpt":{"rendered":"<p>Die Horvi-Enzym-Therapie arbeitet mit Naturkomplexen auf einem nat\u00fcrlichen Weg zur Wiederherstellung und Erhaltung von Gesundheit. Diese sind mit der Aufnahme und Verwertung durch den K\u00f6rper besonders gut vertr\u00e4glich. -&gt; aufgrund &hellip;<\/p>\n<p class=\"read-more\"> <a class=\" thunk-readmore button \" href=\"https:\/\/thp-sonja-fuchs.de\/?page_id=155\"> <span class=\"screen-reader-text\">Horvi-Enzym-Therapie<\/span>Read More<\/a><\/p>\n","protected":false},"author":1,"featured_media":0,"parent":0,"menu_order":0,"comment_status":"closed","ping_status":"closed","template":"","meta":{"footnotes":""},"class_list":["post-155","page","type-page","status-publish","hentry"],"_links":{"self":[{"href":"https:\/\/thp-sonja-fuchs.de\/index.php?rest_route=\/wp\/v2\/pages\/155","targetHints":{"allow":["GET"]}}],"collection":[{"href":"https:\/\/thp-sonja-fuchs.de\/index.php?rest_route=\/wp\/v2\/pages"}],"about":[{"href":"https:\/\/thp-sonja-fuchs.de\/index.php?rest_route=\/wp\/v2\/types\/page"}],"author":[{"embeddable":true,"href":"https:\/\/thp-sonja-fuchs.de\/index.php?rest_route=\/wp\/v2\/users\/1"}],"replies":[{"embeddable":true,"href":"https:\/\/thp-sonja-fuchs.de\/index.php?rest_route=%2Fwp%2Fv2%2Fcomments&post=155"}],"version-history":[{"count":5,"href":"https:\/\/thp-sonja-fuchs.de\/index.php?rest_route=\/wp\/v2\/pages\/155\/revisions"}],"predecessor-version":[{"id":744,"href":"https:\/\/thp-sonja-fuchs.de\/index.php?rest_route=\/wp\/v2\/pages\/155\/revisions\/744"}],"wp:attachment":[{"href":"https:\/\/thp-sonja-fuchs.de\/index.php?rest_route=%2Fwp%2Fv2%2Fmedia&parent=155"}],"curies":[{"name":"wp","href":"https:\/\/api.w.org\/{rel}","templated":true}]}}