{"id":1378,"date":"2025-04-12T09:26:06","date_gmt":"2025-04-12T09:26:06","guid":{"rendered":"https:\/\/thp-sonja-fuchs.de\/?page_id=1378"},"modified":"2025-04-12T09:35:08","modified_gmt":"2025-04-12T09:35:08","slug":"agb","status":"publish","type":"page","link":"https:\/\/thp-sonja-fuchs.de\/?page_id=1378","title":{"rendered":"AGB"},"content":{"rendered":"\n<p class=\"has-medium-font-size\"><strong>Allgemeinen Gesch\u00e4ftsbedingungen<\/strong><\/p>\n\n\n\n<p class=\"has-medium-font-size\"><strong>1. &nbsp;&nbsp; Geltungsbereich<\/strong><\/p>\n\n\n\n<p class=\"has-medium-font-size\">1.1&nbsp;&nbsp; Die nachstehenden Allgemeinen Gesch\u00e4ftsbedingungen (nachfolgend \u201eAGB\u201c) gelten f\u00fcr alle Vertr\u00e4ge \u00fcber die Behandlung, Beratung, den Verkauf und sonstige Leistungen des Betriebes Tierheilpraktikerin Sonja Fuchs (nachfolgend \u201eDienstleister\u201c) mit seinem Vertragspartner*in, nachstehend &#8222;Kunde*in&#8220; genannt.<\/p>\n\n\n\n<p class=\"has-medium-font-size\">1.2 &nbsp; \u00c4nderungen dieser Gesch\u00e4ftsbedingungen werden dem\/der Kunde*in schriftlich (z.B. per E-Mail) bekannt gegeben. Sie gelten als genehmigt, wenn der\/die Teilnehmer*in nicht schriftlich Widerspruch erhebt. Der\/die Kunde*in muss den Widerspruch innerhalb von 4 Wochen nach Bekanntgabe der \u00c4nderungen an den Dienstleister absenden.<\/p>\n\n\n\n<p class=\"has-medium-font-size\"><strong>2. &nbsp;&nbsp; Vertragsgegenstand<\/strong><\/p>\n\n\n\n<p class=\"has-medium-font-size\">2.1&nbsp;&nbsp; Der Dienstleister bietet fachspezifische Untersuchungen, Analysen, Beratungen und Behandlungen sowie den Verkauf von Nahrungserg\u00e4nzungsmittelen, freiverk\u00e4uflichen Arzneimitteln, Futtermitteln und \u00e4hnlichen an. Eine genaue Bezeichnung und Auflistung des Leistungsangebots wird von dem Dienstleister in seinen Leistungen unter anderem auf seiner Homepage \u201ethp-sonja-fuchs.de\u201c und von ihm sonstig genutzten Medien bekannt gegeben.<\/p>\n\n\n\n<p class=\"has-medium-font-size\">2.2 &nbsp; Grundlegender Gegenstand des Vertrages\/Aufgabenbezeichnung: Die naturheilkundliche Untersuchung, Analyseverfahren und Behandlung mittels Alternativmedizinischen Methoden. Der Dienstleister schuldet jedoch keinen bestimmten Erfolg. Die getroffenen Aussagen zu Therapien und Indikationen basieren auf naturheilkundlicher Erfahrungsmedizin, die nicht zu den allgemein anerkannten Methoden im Sinne der Schulmedizin z\u00e4hlen.<\/p>\n\n\n\n<p class=\"has-medium-font-size\">2.3&nbsp;&nbsp; Der Dienstleister bietet sowohl Pr\u00e4senzveranstaltungen als auch Online-Seminare an. Der Inhalt der Seminare ergibt sich aus der jeweiligen Ausschreibung auf der Webseite des Veranstalters.<\/p>\n\n\n\n<p class=\"has-medium-font-size\">2.4&nbsp;&nbsp; Bei Online-Seminaren erbringt der Veranstalter seine Leistung ausschlie\u00dflich in virtueller Form im Rahmen einer Online-Video-Konferenz mittels einer Video-Plattform. Der Dienstleister stellt dem\/der Kunde*in vor Beginn der Online-Veranstaltung einen Link zu der entsprechenden Plattform und der gebuchten Veranstaltung zur Verf\u00fcgung. F\u00fcr die Einhaltung der Mindestvoraussetzungen des eigenen Systems tr\u00e4gt der\/die Kunde*in selbst die Verantwortung. Der Dienstleister haftet nicht f\u00fcr technische Probleme des\/der Kunde*in, die auf eine mangelhafte Systemvoraussetzung des\/der Teilnehmer*in zur\u00fcckzuf\u00fchren sind.<\/p>\n\n\n\n<p class=\"has-medium-font-size\">Das Herunterladen der Video-Dateien durch\u00a0den\/die Kunde*in\u00a0ist ausdr\u00fccklich verboten. Jedwede Speicherung, Ver\u00f6ffentlichung und Verbreitung sind ebenfalls untersagt. Zuwiderhandlungen werden auf dem Rechtsweg verfolgt und k\u00f6nnen Schadensersatzanspr\u00fcche nach sich ziehen.<\/p>\n\n\n\n<p class=\"has-medium-font-size\">2.5&nbsp;&nbsp; Bei Pr\u00e4senzveranstaltungen erbringt der Dienstleister seine Leistungen ausschlie\u00dflich durch pers\u00f6nlichen Unterricht an von ihm ausgew\u00e4hlten Kursorten. Der Kunde hat keinen Anspruch auf Auswahl eines bestimmten Kursortes.<\/p>\n\n\n\n<p class=\"has-medium-font-size\">Liegen zwingende Gr\u00fcnde vor, die eine Pr\u00e4senzveranstaltung unm\u00f6glich machen (z.B. Verbote von Pr\u00e4senzveranstaltungen auf Grund einer Pandemie) hat der Dienstleister das Recht, soweit der Unterrichtsinhalt es zul\u00e4sst, Pr\u00e4senzveranstaltungen ausnahmsweise durch Online-Unterricht zu ersetzen.<\/p>\n\n\n\n<p class=\"has-medium-font-size\"><strong>3.&nbsp;&nbsp;&nbsp; Zustandekommen des Behandlungsvertrages<\/strong><\/p>\n\n\n\n<p class=\"has-medium-font-size\">3.1&nbsp;&nbsp; Durch eine Terminvereinbarung (m\u00fcndlich, telefonisch, per E-Mail etc.) aber auch durch die alleinige Kontaktaufnahme, wenn hieraus ein Beratungsgespr\u00e4ch resultiert, entsteht ein verbindlicher und Kostenpflichtiger Vertrag zwischen Dienstleister und Kunde*in.<\/p>\n\n\n\n<p class=\"has-medium-font-size\"><strong>4. &nbsp;&nbsp; Termine<\/strong><\/p>\n\n\n\n<p class=\"has-medium-font-size\">4.1\u00a0\u00a0 Werden von dem\/der Kunde*in vereinbarte Termine nicht mindestens 24 Stunden im Vorfeld abgesagt, so wird dem\/der Kunde*in der \u00fcbliche Stundensatz f\u00fcr den veranschlagten Zeitraum in Rechnung gestellt.<\/p>\n\n\n\n<p class=\"has-medium-font-size\"><strong>5. &nbsp;&nbsp; Haftung \/ K\u00fcndigung<\/strong><\/p>\n\n\n\n<p class=\"has-medium-font-size\">5.1\u00a0\u00a0 Der Dienstleister schlie\u00dft jegliche Haftung f\u00fcr Unf\u00e4lle beim Umgang mit Tieren gegen\u00fcber dem\/der Kunde*in aus, soweit dies gesetzlich zul\u00e4ssig ist. Die Haftung f\u00fcr grob fahrl\u00e4ssiges oder vors\u00e4tzliches Handeln oder Unterlassen des Dienstleisters wird nicht ausgeschlossen.<\/p>\n\n\n\n<p class=\"has-medium-font-size\"><\/p>\n\n\n\n<p class=\"has-medium-font-size\"><strong>9. &nbsp;&nbsp; Lehrmaterial<\/strong><\/p>\n\n\n\n<p class=\"has-medium-font-size\">9.1&nbsp;&nbsp; Der\/die Kunde*in darf Skripten und anderes Lehrmaterial, das er\/sie im Rahmen des Seminars erh\u00e4lt, nicht vervielf\u00e4ltigen oder weitergeben. Dies gilt auch zwischen Kunde*innen des Dienstleisters, sofern diese nicht zeitgleich dasselbe Seminar gebucht haben und nicht hiervon ausgeschlossen sind.<\/p>\n\n\n\n<p class=\"has-medium-font-size\">Ohne vorherige Erlaubnis ist es dem\/der Kunde*in des Weiteren nicht erlaubt, den Kurs oder Teile daraus&nbsp;mit ton- oder bildgebenden Ger\u00e4ten&nbsp;aufzuzeichnen.&nbsp;Bei Zuwiderhandlungen verpflichtet sich der\/die Kunde*in zu einer Leistung von Schadenersatz in H\u00f6he von EUR 500.-. Die Geltendmachung eines dar\u00fcberhinausgehenden Schadens bleibt dem Dienstleister vorbehalten. Dem\/der Kunde*in bleibt es jedoch vorbehalten nachzuweisen, dass ein Schaden nicht oder in geringerer H\u00f6he entstanden ist.<\/p>\n\n\n\n<p class=\"has-medium-font-size\">9.2&nbsp;&nbsp; Bei Ausbildungen\/Seminaren kann dem\/der Kunde*in kursbegleitende Lehrunterlagen, wenn nicht anders vereinbart, in elektronischer Form zum Download zur Verf\u00fcgung gestellt werden. Eine Weitergabe oder Vervielf\u00e4ltigung des Lehrmaterials bzw. des Links oder etwaiger Aufzeichnungen&nbsp;im Sinne von Punkt 9.1&nbsp;ist dem Kunden untersagt. Dies gilt auch zwischen Kunden des Dienstleisters,&nbsp;sofern diese nicht zeitgleich dasselbe Seminar gebucht haben und nicht hiervon ausgeschlossen wurden. Bei Zuwiderhandlungen verpflichtet sich der\/die Kunde*in zu einer Leistung von Schadenersatz\/Vertragsstrafe in H\u00f6he von EUR 500.-. Die Geltendmachung eines dar\u00fcberhinausgehenden Schadens bleibt dem Dienstleister vorbehalten.<\/p>\n\n\n\n<p class=\"has-medium-font-size\">9.3&nbsp;&nbsp; Bei Online-Seminaren werden dem\/der Kunde*in kursbegleitende Lehrunterlagen ausschlie\u00dflich in elektronischer Form oder per Link zum Download zur Verf\u00fcgung gestellt. Eine Weitergabe oder Vervielf\u00e4ltigung des Lehrmaterials bzw. des Links oder etwaiger Aufzeichnungen ist dem\/der Kunden*in untersagt. Bei Zuwiderhandlungen verpflichtet sich der\/die Teilnehmer*in zum Schadenersatz\/Vertragsstrafe in H\u00f6he von EUR 500.-. Die Geltendmachung eines dar\u00fcberhinausgehenden Schadens bleibt dem Veranstalter vorbehalten.<\/p>\n\n\n\n<p class=\"has-medium-font-size\"><strong>11. &nbsp; Verschwiegenheitspflicht<\/strong><\/p>\n\n\n\n<p class=\"has-medium-font-size\">&nbsp;&nbsp;&nbsp;&nbsp;&nbsp;&nbsp;&nbsp;Jeder\/jede Kunde*in verpflichtet sich, Stillschweigen \u00fcber alle pers\u00f6nlichen Tatsachen und Informationen, auch und insbesondere bez\u00fcglich anderer Seminarteilnehmer, zu bewahren, die ihm\/ihr im Zusammenhang mit der Seminarteilnahme bekannt geworden sind.&nbsp;Eine Haftung des Dienstleisters f\u00fcr eine ggf. doch vorgenommene vertragswidrige Weitergabe solcher Informationen durch andere Kunde*innen ist ausgeschlossen.<\/p>\n\n\n\n<p class=\"has-medium-font-size\"><strong>12. &nbsp;&nbsp;Haftpflichtversicherung<\/strong><\/p>\n\n\n\n<p class=\"has-medium-font-size\">Der Abschluss einer Haftpflichtversicherung und Tierhalterhaftpflichtversicherung der Kunden*innen ist verpflichtend und dem Dienstleister auf Aufforderung nachzuweisen.<\/p>\n\n\n\n<p class=\"has-medium-font-size\"><strong>13. &nbsp; Anwendbares Recht<\/strong><\/p>\n\n\n\n<p class=\"has-medium-font-size\">Es gelten die Gesetze der Bundesrepublik Deutschland. Die Bestimmungen des internationalen Privatrechts werden ausdr\u00fccklich ausgeschlossen.<\/p>\n\n\n\n<p class=\"has-medium-font-size\">Tierheilpraktikerin Sonja Fuchs <\/p>\n\n\n\n<p class=\"has-medium-font-size\">Stand: 12.04.2025<\/p>\n\n\n\n<p><\/p>\n","protected":false},"excerpt":{"rendered":"<p>Allgemeinen Gesch\u00e4ftsbedingungen 1. &nbsp;&nbsp; Geltungsbereich 1.1&nbsp;&nbsp; Die nachstehenden Allgemeinen Gesch\u00e4ftsbedingungen (nachfolgend \u201eAGB\u201c) gelten f\u00fcr alle Vertr\u00e4ge \u00fcber die Behandlung, Beratung, den Verkauf und sonstige Leistungen des Betriebes Tierheilpraktikerin Sonja Fuchs &hellip;<\/p>\n<p class=\"read-more\"> <a class=\" thunk-readmore button \" href=\"https:\/\/thp-sonja-fuchs.de\/?page_id=1378\"> <span class=\"screen-reader-text\">AGB<\/span>Read More<\/a><\/p>\n","protected":false},"author":1,"featured_media":0,"parent":0,"menu_order":0,"comment_status":"closed","ping_status":"closed","template":"","meta":{"footnotes":""},"class_list":["post-1378","page","type-page","status-publish","hentry"],"_links":{"self":[{"href":"https:\/\/thp-sonja-fuchs.de\/index.php?rest_route=\/wp\/v2\/pages\/1378","targetHints":{"allow":["GET"]}}],"collection":[{"href":"https:\/\/thp-sonja-fuchs.de\/index.php?rest_route=\/wp\/v2\/pages"}],"about":[{"href":"https:\/\/thp-sonja-fuchs.de\/index.php?rest_route=\/wp\/v2\/types\/page"}],"author":[{"embeddable":true,"href":"https:\/\/thp-sonja-fuchs.de\/index.php?rest_route=\/wp\/v2\/users\/1"}],"replies":[{"embeddable":true,"href":"https:\/\/thp-sonja-fuchs.de\/index.php?rest_route=%2Fwp%2Fv2%2Fcomments&post=1378"}],"version-history":[{"count":2,"href":"https:\/\/thp-sonja-fuchs.de\/index.php?rest_route=\/wp\/v2\/pages\/1378\/revisions"}],"predecessor-version":[{"id":1392,"href":"https:\/\/thp-sonja-fuchs.de\/index.php?rest_route=\/wp\/v2\/pages\/1378\/revisions\/1392"}],"wp:attachment":[{"href":"https:\/\/thp-sonja-fuchs.de\/index.php?rest_route=%2Fwp%2Fv2%2Fmedia&parent=1378"}],"curies":[{"name":"wp","href":"https:\/\/api.w.org\/{rel}","templated":true}]}}