{"id":1367,"date":"2025-04-10T09:50:15","date_gmt":"2025-04-10T09:50:15","guid":{"rendered":"https:\/\/thp-sonja-fuchs.de\/?page_id=1367"},"modified":"2025-05-04T09:25:10","modified_gmt":"2025-05-04T09:25:10","slug":"preise","status":"publish","type":"page","link":"https:\/\/thp-sonja-fuchs.de\/?page_id=1367","title":{"rendered":"Preise"},"content":{"rendered":"\n<figure class=\"wp-block-image aligncenter size-full\"><img loading=\"lazy\" decoding=\"async\" width=\"854\" height=\"746\" src=\"https:\/\/thp-sonja-fuchs.de\/wp-content\/uploads\/2025\/05\/Screenshot-124.png\" alt=\"\" class=\"wp-image-1427\" srcset=\"https:\/\/thp-sonja-fuchs.de\/wp-content\/uploads\/2025\/05\/Screenshot-124.png 854w, https:\/\/thp-sonja-fuchs.de\/wp-content\/uploads\/2025\/05\/Screenshot-124-300x262.png 300w, https:\/\/thp-sonja-fuchs.de\/wp-content\/uploads\/2025\/05\/Screenshot-124-768x671.png 768w\" sizes=\"auto, (max-width: 854px) 100vw, 854px\" \/><\/figure>\n\n\n\n<p class=\"has-medium-font-size\">Beratungen per WhatsApp werden k\u00fcnftig mit einer Pauschale von 15,00 \u20ac abgerechnet. Ausgenommen sind Terminvereinbarungen, Updates zum Gesundheitsstand und von mir gew\u00fcnschte Ausk\u00fcnfte etc.. <\/p>\n\n\n\n<p class=\"has-medium-font-size\">Zahlungsmethoden: Barzahlung vor Ort, Vorab\u00fcberweisung. <\/p>\n\n\n\n<p class=\"has-medium-font-size\">Die oben aufgef\u00fchrten Kosten sind eine \u00dcbersicht ohne Garantie auf Richtigkeit und Vollst\u00e4ndigkeit. In Einzelf\u00e4llen k\u00f6nnen Kosten abweichen. Sie k\u00f6nnen jederzeit gerne im Vorfeld die individuell entstehenden Kosten erfragen.  <\/p>\n\n\n\n<p class=\"has-medium-font-size\">Nicht wahrgenommene Termine, die nicht mindestens 24 Stunden im Vorfeld abgesagt werden, werden mit dem \u00fcblichen Stundensatz berechnet. <\/p>\n\n\n\n<p class=\"has-medium-font-size\">Als Kleinunternehmer im Sinne von \u00a719 Abs. 1 UStG wird keine Umsatzsteuer berechnet. <\/p>\n\n\n\n<p><\/p>\n","protected":false},"excerpt":{"rendered":"<p>Beratungen per WhatsApp werden k\u00fcnftig mit einer Pauschale von 15,00 \u20ac abgerechnet. Ausgenommen sind Terminvereinbarungen, Updates zum Gesundheitsstand und von mir gew\u00fcnschte Ausk\u00fcnfte etc.. Zahlungsmethoden: Barzahlung vor Ort, Vorab\u00fcberweisung. Die &hellip;<\/p>\n<p class=\"read-more\"> <a class=\" thunk-readmore button \" href=\"https:\/\/thp-sonja-fuchs.de\/?page_id=1367\"> <span class=\"screen-reader-text\">Preise<\/span>Read More<\/a><\/p>\n","protected":false},"author":1,"featured_media":0,"parent":0,"menu_order":0,"comment_status":"closed","ping_status":"closed","template":"","meta":{"footnotes":""},"class_list":["post-1367","page","type-page","status-publish","hentry"],"_links":{"self":[{"href":"https:\/\/thp-sonja-fuchs.de\/index.php?rest_route=\/wp\/v2\/pages\/1367","targetHints":{"allow":["GET"]}}],"collection":[{"href":"https:\/\/thp-sonja-fuchs.de\/index.php?rest_route=\/wp\/v2\/pages"}],"about":[{"href":"https:\/\/thp-sonja-fuchs.de\/index.php?rest_route=\/wp\/v2\/types\/page"}],"author":[{"embeddable":true,"href":"https:\/\/thp-sonja-fuchs.de\/index.php?rest_route=\/wp\/v2\/users\/1"}],"replies":[{"embeddable":true,"href":"https:\/\/thp-sonja-fuchs.de\/index.php?rest_route=%2Fwp%2Fv2%2Fcomments&post=1367"}],"version-history":[{"count":4,"href":"https:\/\/thp-sonja-fuchs.de\/index.php?rest_route=\/wp\/v2\/pages\/1367\/revisions"}],"predecessor-version":[{"id":1428,"href":"https:\/\/thp-sonja-fuchs.de\/index.php?rest_route=\/wp\/v2\/pages\/1367\/revisions\/1428"}],"wp:attachment":[{"href":"https:\/\/thp-sonja-fuchs.de\/index.php?rest_route=%2Fwp%2Fv2%2Fmedia&parent=1367"}],"curies":[{"name":"wp","href":"https:\/\/api.w.org\/{rel}","templated":true}]}}