{"id":1282,"date":"2024-10-12T12:26:19","date_gmt":"2024-10-12T12:26:19","guid":{"rendered":"https:\/\/thp-sonja-fuchs.de\/?page_id=1282"},"modified":"2025-06-19T10:27:44","modified_gmt":"2025-06-19T10:27:44","slug":"startseite-2","status":"publish","type":"page","link":"https:\/\/thp-sonja-fuchs.de\/","title":{"rendered":"Startseite"},"content":{"rendered":"\n<p class=\"has-text-align-center\" style=\"font-size:25px\"><strong>Hauptberufliche Tierheilpraktikerin mit Praxis vor Ort<\/strong> <\/p>\n\n\n\n<figure class=\"wp-block-image alignwide size-full\"><img loading=\"lazy\" decoding=\"async\" width=\"1024\" height=\"498\" src=\"https:\/\/thp-sonja-fuchs.de\/wp-content\/uploads\/2024\/10\/image.png\" alt=\"Dieses Bild hat ein leeres Alt-Attribut. Der Dateiname ist Screenshot-2024-06-23-205007-1024x498.png\" class=\"wp-image-1287\" srcset=\"https:\/\/thp-sonja-fuchs.de\/wp-content\/uploads\/2024\/10\/image.png 1024w, https:\/\/thp-sonja-fuchs.de\/wp-content\/uploads\/2024\/10\/image-300x146.png 300w, https:\/\/thp-sonja-fuchs.de\/wp-content\/uploads\/2024\/10\/image-768x374.png 768w, https:\/\/thp-sonja-fuchs.de\/wp-content\/uploads\/2024\/10\/image-48x23.png 48w\" sizes=\"auto, (max-width: 1024px) 100vw, 1024px\" \/><\/figure>\n\n\n\n<p class=\"has-medium-font-size\">Hunde sind meine gro\u00dfe Leidenschaft, besonders ihre Gesundheit liegt mir dabei sehr am Herzen. Daher habe ich sehr viel Hingabe, Zeit und auch Geld in zahlreiche Aus- und Weiterbildungen rund um die Tiergesundheit auf Basis der Naturheilkunde investiert.<\/p>\n\n\n\n<p class=\"has-medium-font-size\">Mit diesem Wissen m\u00f6chte ich nun auch Sie unterst\u00fctzen, Ihrem Tier ein langes, beschwerdefreies und gl\u00fcckliches Leben zu erm\u00f6glichen, in dem es sich rundum wohlf\u00fchlen kann. Angefangen bei der Gesundheitsprophylaxe bis hin zu schweren und\/oder chronischen Erkrankungen hat die Naturheilkunde viel zu bieten. Sowohl als Alternative zur tier\u00e4rztlichen Behandlung aber auch als erg\u00e4nzende Therapie.<\/p>\n\n\n\n<p class=\"has-medium-font-size\">In der Naturheilkunde liegt das Augenmerk auf der Ursachenfindung, nicht auf der reinen symptombezogenen Behandlung. Wird der Ausl\u00f6ser f\u00fcr eine Krankheit nicht mit behandelt, treten die Symptome in aller Regel nach einer gewissen Zeit wieder auf. Mein Ziel ist es, dem Tier zu dauerhafter Gesundheit zu verhelfen. Hierzu bedarf es nat\u00fcrlich einer ausgiebigen Bestandsaufnahme.<\/p>\n\n\n\n<p class=\"has-medium-font-size\">Ich nehme mir daher f\u00fcr jeden einzelnen Patienten viel Zeit: kein Zeitdruck, kein Zwang dem Tier gegen\u00fcber, eine ausf\u00fchrliche Untersuchung, Befundaufnahme und Beratung geh\u00f6ren selbstverst\u00e4ndlich dazu. <\/p>\n\n\n\n<p class=\"has-medium-font-size\">Die Grundausbildung zur Tierheilpraktikerin umfasst alle g\u00e4ngigen Haus- und Nutztiere. Tiere die zur Lebensmittelgewinnung dienen, fallen jedoch nicht in meinen Bereich. Mein Haupt- und Spezialgebiet ist der Hund.<\/p>\n\n\n\n<p class=\"has-medium-font-size\">Ich freue mich schon auf eine Nachricht von Ihnen!<\/p>\n\n\n\n<p><\/p>\n","protected":false},"excerpt":{"rendered":"<p>Hauptberufliche Tierheilpraktikerin mit Praxis vor Ort Hunde sind meine gro\u00dfe Leidenschaft, besonders ihre Gesundheit liegt mir dabei sehr am Herzen. Daher habe ich sehr viel Hingabe, Zeit und auch Geld &hellip;<\/p>\n<p class=\"read-more\"> <a class=\" thunk-readmore button \" href=\"https:\/\/thp-sonja-fuchs.de\/\"> <span class=\"screen-reader-text\">Startseite<\/span>Read More<\/a><\/p>\n","protected":false},"author":1,"featured_media":0,"parent":0,"menu_order":0,"comment_status":"closed","ping_status":"closed","template":"","meta":{"footnotes":""},"class_list":["post-1282","page","type-page","status-publish","hentry"],"_links":{"self":[{"href":"https:\/\/thp-sonja-fuchs.de\/index.php?rest_route=\/wp\/v2\/pages\/1282","targetHints":{"allow":["GET"]}}],"collection":[{"href":"https:\/\/thp-sonja-fuchs.de\/index.php?rest_route=\/wp\/v2\/pages"}],"about":[{"href":"https:\/\/thp-sonja-fuchs.de\/index.php?rest_route=\/wp\/v2\/types\/page"}],"author":[{"embeddable":true,"href":"https:\/\/thp-sonja-fuchs.de\/index.php?rest_route=\/wp\/v2\/users\/1"}],"replies":[{"embeddable":true,"href":"https:\/\/thp-sonja-fuchs.de\/index.php?rest_route=%2Fwp%2Fv2%2Fcomments&post=1282"}],"version-history":[{"count":8,"href":"https:\/\/thp-sonja-fuchs.de\/index.php?rest_route=\/wp\/v2\/pages\/1282\/revisions"}],"predecessor-version":[{"id":1431,"href":"https:\/\/thp-sonja-fuchs.de\/index.php?rest_route=\/wp\/v2\/pages\/1282\/revisions\/1431"}],"wp:attachment":[{"href":"https:\/\/thp-sonja-fuchs.de\/index.php?rest_route=%2Fwp%2Fv2%2Fmedia&parent=1282"}],"curies":[{"name":"wp","href":"https:\/\/api.w.org\/{rel}","templated":true}]}}