{"id":1209,"date":"2024-07-10T10:41:29","date_gmt":"2024-07-10T10:41:29","guid":{"rendered":"https:\/\/thp-sonja-fuchs.de\/?page_id=1209"},"modified":"2024-08-29T12:32:53","modified_gmt":"2024-08-29T12:32:53","slug":"magnetfeldtherapie","status":"publish","type":"page","link":"https:\/\/thp-sonja-fuchs.de\/?page_id=1209","title":{"rendered":"Magnetfeldtherapie"},"content":{"rendered":"\n<div class=\"wp-block-media-text is-stacked-on-mobile\"><figure class=\"wp-block-media-text__media\"><img loading=\"lazy\" decoding=\"async\" width=\"1009\" height=\"660\" src=\"https:\/\/thp-sonja-fuchs.de\/wp-content\/uploads\/2024\/07\/tgfwrmap.png\" alt=\"\" class=\"wp-image-1216 size-full\" srcset=\"https:\/\/thp-sonja-fuchs.de\/wp-content\/uploads\/2024\/07\/tgfwrmap.png 1009w, https:\/\/thp-sonja-fuchs.de\/wp-content\/uploads\/2024\/07\/tgfwrmap-300x196.png 300w, https:\/\/thp-sonja-fuchs.de\/wp-content\/uploads\/2024\/07\/tgfwrmap-768x502.png 768w, https:\/\/thp-sonja-fuchs.de\/wp-content\/uploads\/2024\/07\/tgfwrmap-48x31.png 48w\" sizes=\"auto, (max-width: 1009px) 100vw, 1009px\" \/><\/figure><div class=\"wp-block-media-text__content\">\n<p class=\"has-text-align-center has-medium-font-size\">Mit dieser Therapie kann mittels elektromagnetischer Impulse die allgemeine Leistungsf\u00e4higkeit, das Wohlbefinden, die Selbstheilungskr\u00e4fte und allgemeine Lebensqualit\u00e4t Ihres Tieres verbessert werden.<\/p>\n<\/div><\/div>\n\n\n\n<p class=\"has-text-align-center has-medium-font-size\">&#8212;&#8212;&#8212;&#8212;&#8212;&#8212;&#8212;&#8212;&#8212;&#8212;&#8212;&#8212;&#8212;&#8212;&#8212;&#8212;&#8212;&#8212;&#8212;&#8212;&#8212;&#8212;&#8212;&#8212;&#8212;&#8212;&#8212;&#8212;&#8212;&#8212;&#8212;&#8212;&#8212;&#8212;&#8212;&#8212;&#8212;&#8212;&#8212;&#8212;<\/p>\n\n\n\n<div class=\"wp-block-media-text is-stacked-on-mobile is-vertically-aligned-top\" style=\"grid-template-columns:23% auto\"><figure class=\"wp-block-media-text__media\"><img loading=\"lazy\" decoding=\"async\" width=\"1024\" height=\"1024\" src=\"https:\/\/thp-sonja-fuchs.de\/wp-content\/uploads\/2024\/07\/452860979_825522743013371_6219231523704705650_n-1024x1024.jpg\" alt=\"\" class=\"wp-image-1220 size-full\" srcset=\"https:\/\/thp-sonja-fuchs.de\/wp-content\/uploads\/2024\/07\/452860979_825522743013371_6219231523704705650_n-1024x1024.jpg 1024w, https:\/\/thp-sonja-fuchs.de\/wp-content\/uploads\/2024\/07\/452860979_825522743013371_6219231523704705650_n-300x300.jpg 300w, https:\/\/thp-sonja-fuchs.de\/wp-content\/uploads\/2024\/07\/452860979_825522743013371_6219231523704705650_n-150x150.jpg 150w, https:\/\/thp-sonja-fuchs.de\/wp-content\/uploads\/2024\/07\/452860979_825522743013371_6219231523704705650_n-768x767.jpg 768w, https:\/\/thp-sonja-fuchs.de\/wp-content\/uploads\/2024\/07\/452860979_825522743013371_6219231523704705650_n-48x48.jpg 48w, https:\/\/thp-sonja-fuchs.de\/wp-content\/uploads\/2024\/07\/452860979_825522743013371_6219231523704705650_n.jpg 1080w\" sizes=\"auto, (max-width: 1024px) 100vw, 1024px\" \/><\/figure><div class=\"wp-block-media-text__content\">\n<p class=\"has-text-align-center has-medium-font-size\">Der kleine Malteser Max* hat sich als Tester f\u00fcr die Magnetfeldtherapie zur Verf\u00fcgung gestellt.<\/p>\n\n\n\n<p class=\"has-text-align-center has-medium-font-size\">Er k\u00e4mpft mit Schmerzen durch Arthrose, ist sehr unsicher, \u00e4ngstlich und bellt sehr viel.<\/p>\n<\/div><\/div>\n\n\n\n<p class=\"has-text-align-left has-medium-font-size\">Bereits wenige Stunden nach der ersten Behandlung berichtete sein Frauchen, dass er etwas besser l\u00e4uft und sein betroffenes Pf\u00f6tchen wieder belastet. Aber was ihr besonders auffiel, er hatte pl\u00f6tzlich keine Angst vor dem Gewitter mehr. Die Tage zuvor hatte er noch sehr viel Stress und bellte. <a><\/a>Jetzt lag er auf seinem Platz und schlief- trotz starken Gewitter <img loading=\"lazy\" decoding=\"async\" height=\"16\" width=\"16\" alt=\"\ud83e\udd70\" src=\"https:\/\/static.xx.fbcdn.net\/images\/emoji.php\/v9\/tea\/1\/16\/1f970.png\"> auch insgesamt berichtet sein Frauchen, dass er ruhiger geworden ist und nicht mehr so viel bellt, daf\u00fcr aber wieder \u00f6fter zum Spielen auffordert <img loading=\"lazy\" decoding=\"async\" height=\"16\" width=\"16\" alt=\"\ud83d\udc4d\" src=\"https:\/\/static.xx.fbcdn.net\/images\/emoji.php\/v9\/tfc\/1\/16\/1f44d.png\"><\/p>\n\n\n\n<p class=\"has-small-font-size\">*Name wurde auf Wunsch aus Datenschutzgr\u00fcnden ge\u00e4ndert, das Bild dient nur zur Aufmerksamkeit und zeigt nicht den Patienten.<\/p>\n\n\n\n<hr class=\"wp-block-separator has-alpha-channel-opacity\"\/>\n\n\n\n<p class=\"has-medium-font-size\">Sie m\u00f6chten Sich eine Magnetfeldmatte f\u00fcr zu Hause anschaffen? <\/p>\n\n\n\n<p class=\"has-medium-font-size\"><a href=\"https:\/\/www.centropix.eu\/sonjafuchs\"><strong>Hier geht es zu den Produkten<\/strong><\/a><\/p>\n\n\n\n<div class=\"wp-block-columns is-layout-flex wp-container-core-columns-is-layout-28f84493 wp-block-columns-is-layout-flex\">\n<div class=\"wp-block-column is-layout-flow wp-block-column-is-layout-flow\" style=\"flex-basis:50%\"><\/div>\n<\/div>\n","protected":false},"excerpt":{"rendered":"<p>Mit dieser Therapie kann mittels elektromagnetischer Impulse die allgemeine Leistungsf\u00e4higkeit, das Wohlbefinden, die Selbstheilungskr\u00e4fte und allgemeine Lebensqualit\u00e4t Ihres Tieres verbessert werden. &#8212;&#8212;&#8212;&#8212;&#8212;&#8212;&#8212;&#8212;&#8212;&#8212;&#8212;&#8212;&#8212;&#8212;&#8212;&#8212;&#8212;&#8212;&#8212;&#8212;&#8212;&#8212;&#8212;&#8212;&#8212;&#8212;&#8212;&#8212;&#8212;&#8212;&#8212;&#8212;&#8212;&#8212;&#8212;&#8212;&#8212;&#8212;&#8212;&#8212; Der kleine Malteser Max* hat sich als Tester &hellip;<\/p>\n<p class=\"read-more\"> <a class=\" thunk-readmore button \" href=\"https:\/\/thp-sonja-fuchs.de\/?page_id=1209\"> <span class=\"screen-reader-text\">Magnetfeldtherapie<\/span>Read More<\/a><\/p>\n","protected":false},"author":1,"featured_media":0,"parent":0,"menu_order":0,"comment_status":"closed","ping_status":"closed","template":"","meta":{"footnotes":""},"class_list":["post-1209","page","type-page","status-publish","hentry"],"_links":{"self":[{"href":"https:\/\/thp-sonja-fuchs.de\/index.php?rest_route=\/wp\/v2\/pages\/1209","targetHints":{"allow":["GET"]}}],"collection":[{"href":"https:\/\/thp-sonja-fuchs.de\/index.php?rest_route=\/wp\/v2\/pages"}],"about":[{"href":"https:\/\/thp-sonja-fuchs.de\/index.php?rest_route=\/wp\/v2\/types\/page"}],"author":[{"embeddable":true,"href":"https:\/\/thp-sonja-fuchs.de\/index.php?rest_route=\/wp\/v2\/users\/1"}],"replies":[{"embeddable":true,"href":"https:\/\/thp-sonja-fuchs.de\/index.php?rest_route=%2Fwp%2Fv2%2Fcomments&post=1209"}],"version-history":[{"count":13,"href":"https:\/\/thp-sonja-fuchs.de\/index.php?rest_route=\/wp\/v2\/pages\/1209\/revisions"}],"predecessor-version":[{"id":1279,"href":"https:\/\/thp-sonja-fuchs.de\/index.php?rest_route=\/wp\/v2\/pages\/1209\/revisions\/1279"}],"wp:attachment":[{"href":"https:\/\/thp-sonja-fuchs.de\/index.php?rest_route=%2Fwp%2Fv2%2Fmedia&parent=1209"}],"curies":[{"name":"wp","href":"https:\/\/api.w.org\/{rel}","templated":true}]}}